{"id":3380,"date":"2017-12-08T18:08:41","date_gmt":"2017-12-08T17:08:41","guid":{"rendered":"https:\/\/www.maestrodolio.it\/maestrodolio-in-pietrasanta\/?page_id=3380"},"modified":"2022-05-31T15:52:55","modified_gmt":"2022-05-31T13:52:55","slug":"programma","status":"publish","type":"page","link":"https:\/\/www.maestrodolio.it\/maestrodolio-in-pietrasanta\/programma\/","title":{"rendered":"Programma"},"content":{"rendered":"\n<p><\/p>\n\n\n\n<h4 class=\"has-text-align-center has-text-color wp-block-heading\" style=\"color:#b9af38;font-size:35px\"><strong>Maestrod\u2019olio in Pietrasanta<em> <\/em><\/strong><\/h4>\n\n\n\n<h4 class=\"has-text-align-center has-text-color wp-block-heading\" style=\"color:#b9af38;font-size:25px\"><strong><em>&nbsp;Quando l\u2019eccellenza incontra l\u2019arte<\/em><br><\/strong><\/h4>\n\n\n\n<div class=\"wp-block-columns is-layout-flex wp-container-core-columns-layout-1 wp-block-columns-is-layout-flex\">\n<div class=\"wp-block-column is-layout-flow wp-block-column-is-layout-flow\"><\/div>\n\n\n\n<div class=\"wp-block-column is-layout-flow wp-block-column-is-layout-flow\"><\/div>\n\n\n\n<div class=\"wp-block-column is-layout-flow wp-block-column-is-layout-flow\"><\/div>\n<\/div>\n\n\n\n<h3 class=\"has-text-align-center has-background wp-block-heading\" style=\"background-color:#b9af38;font-size:26px\">VENERD\u00cc 10<\/h3>\n\n\n\n<p><\/p>\n\n\n\n<p class=\"has-text-align-left\"><strong>ore 17.00:<\/strong> inaugurazione e apertura della mostra con il taglio del nastro con autorit\u00e0 e artisti, oltre all&#8217;organizzatore dell&#8217; evento Fausto Borella.<\/p>\n\n\n\n<p><strong>ore 19.00:<\/strong> show-cooking dello chef <strong>Alessandro Ferrarini<\/strong> del <a href=\"https:\/\/ristorantefrancomare.com\/\"><strong>Ristorante Franco Mare<\/strong><\/a> di Pietrasanta che nel 2021 ha ottenuto il riconoscimento della Stella Michelin. <\/p>\n\n\n\n<p class=\"has-medium-font-size\"><strong>ore 23:00<\/strong>: chiusura della mostra.<\/p>\n\n\n\n<p><\/p>\n\n\n\n<p><\/p>\n\n\n\n<h3 class=\"has-text-align-center has-background wp-block-heading\" style=\"background-color:#b9af38;font-size:26px\">SABATO 11<\/h3>\n\n\n\n<p><\/p>\n\n\n\n<p class=\"has-medium-font-size\"><strong>Ore 17.00<\/strong>: apertura dell\u2019evento<\/p>\n\n\n\n<p class=\"has-medium-font-size\"><strong>ore 18.00: <\/strong>degustazione dei prodotti delle aziende premiate con le Corone e con le Gemme in 10 anni di Terred&#8217;olio. La degustazione sar\u00e0 guidata dal Maestrod&#8217;olio Fausto Borella presso <strong>Piazza Duomo.<\/strong><\/p>\n\n\n\n<div style=\"height:10px\" aria-hidden=\"true\" class=\"wp-block-spacer\"><\/div>\n\n\n\n<div class=\"wp-block-buttons is-layout-flex wp-block-buttons-is-layout-flex\">\n<div class=\"wp-block-button aligncenter is-style-fill\"><a class=\"wp-block-button__link has-black-color has-text-color has-background\" href=\"https:\/\/www.maestrodolio.it\/maestrodolio-in-pietrasanta\/negozio\/\" style=\"background:radial-gradient(rgb(234,226,131) 0%,rgb(216,204,71) 54%,rgb(224,207,27) 100%)\"><strong>Prenota subito la tua degustazione!<\/strong><\/a><\/div>\n<\/div>\n\n\n\n<div style=\"height:37px\" aria-hidden=\"true\" class=\"wp-block-spacer\"><\/div>\n\n\n\n<p class=\"has-medium-font-size\"><strong>ore 21:00<\/strong>: &#8220;Gelato all&#8217;olio? sfida accettata!&#8221; degustazione dei Gelati Cutelli realizzati con l&#8217;olio extravergine presente in mostra, offerto a tutti i bambini presenti!<\/p>\n\n\n\n<p class=\"has-medium-font-size\"><strong>ore 23:00<\/strong>: chiusura della mostra.<\/p>\n\n\n\n<p><\/p>\n\n\n\n<p><\/p>\n\n\n\n<h3 class=\"has-text-align-center has-background wp-block-heading\" style=\"background-color:#b9af38;font-size:26px\">DOMENICA 12<\/h3>\n\n\n\n<p><\/p>\n\n\n\n<p class=\"has-medium-font-size\"><strong>16.00-16.30<\/strong>: convegno diretto dal <strong>Dott. Pierluigi Decio<\/strong>, rappresentante di &#8220;<strong>OptiCept<\/strong>&#8220;, un&#8217;azienda svedese all&#8217;avanguardia nella ricerca di nuove tecnologie avanzate basate sui Campi Elettrici Pulsati. Attraverso la loro applicazione nel campo della frangitura si ha l&#8217;obiettivo di incrementare la resa dell&#8217;estrazione impreziosendo l&#8217;olio con principi nutritivi e antiossidanti.<\/p>\n\n\n\n<p class=\"has-medium-font-size\"><strong>16.30-17.00<\/strong>: <strong>Domenico Terenzio<\/strong> fondatore della <strong>Dom Terry Agrisolutions<\/strong> terr\u00e0 un convegno sulle agro bio tecnologie colturali. In particolare negli ultimi 10 anni, il Dott.Terenzio si \u00e8 concentrato sugli induttori di resistenza, capaci di rendere le piante pi\u00f9 resistenti ai funghi e ai batteri, senza l\u2019impiego di rame, alluminio, fosfiti ed altre sostanze residuali.<\/p>\n\n\n\n<p class=\"has-medium-font-size\"><strong>Ore 17.00<\/strong>: apertura dell\u2019evento<\/p>\n\n\n\n<p class=\"has-medium-font-size\"><strong>ore 18.00 <\/strong>: convegno su &#8220;La Buona Cucina nel Mondo del Cinema Italiano&#8221;: excursus storico della filmografia italiana dagli anni Cinquanta in poi, con particolare attenzione alla cultura del cibo, della dieta mediterranea e dei piatti che hanno reso celebre la cucina Italiana nel mondo, moderatore Fausto Borella. Convegno tenuto presso <strong>Sala Annunziata<\/strong> del Complesso di Sant&#8217;Agostino.<\/p>\n\n\n\n<p class=\"has-medium-font-size\"><strong>ore 19.00<\/strong> aperitivo all&#8217;olio preparato dalla barman Elisa Zurlini del <strong><a href=\"https:\/\/filippopietrasanta.it\/\">Ristorante Da Filippo<\/a><\/strong> di Pietrasanta<\/p>\n\n\n\n<p class=\"has-medium-font-size\"><strong>ore 21:00<\/strong>: attivit\u00e0 per bambini &#8220;pianta la tua piantina di olivo!&#8221; in cui uno dei pi\u00f9 grandi produttori di alberi di olivo in Toscana, guida i bambini nel relaizzare le loro piccole piantine di olivo, che potranno portare a casa. L&#8217;attivit\u00e0 verr\u00e0 svolta in <strong>Piazza Duomo<\/strong>.<\/p>\n\n\n\n<p class=\"has-medium-font-size\"><strong>ore 23:00:<\/strong> chiusura evento<\/p>\n\n\n\n<p><\/p>\n","protected":false},"excerpt":{"rendered":"<p>Maestrod\u2019olio in Pietrasanta &nbsp;Quando l\u2019eccellenza incontra l\u2019arte VENERD\u00cc 10 ore 17.00: inaugurazione e apertura della mostra con il taglio del nastro con autorit\u00e0 e artisti, oltre all&#8217;organizzatore dell&#8217; evento Fausto<\/p>\n<p><a href=\"https:\/\/www.maestrodolio.it\/maestrodolio-in-pietrasanta\/programma\/\" class=\"btn btn-olive\">Leggi tutto <i class=\"glyphicon glyphicon-chevron-right\"><\/i><\/a><\/p>","protected":false},"author":2,"featured_media":4213,"parent":0,"menu_order":0,"comment_status":"closed","ping_status":"closed","template":"page-sidebanner.php","meta":{"footnotes":""},"yoast_head":"<!-- This site is optimized with the Yoast SEO plugin v23.5 - https:\/\/yoast.com\/wordpress\/plugins\/seo\/ -->\n<title>Programma - Maestrod&#039;olio in Pietrasanta<\/title>\n<meta name=\"robots\" content=\"index, follow, max-snippet:-1, max-image-preview:large, max-video-preview:-1\" \/>\n<link rel=\"canonical\" href=\"https:\/\/www.maestrodolio.it\/maestrodolio-in-pietrasanta\/programma\/\" \/>\n<meta property=\"og:locale\" content=\"it_IT\" \/>\n<meta property=\"og:type\" content=\"article\" \/>\n<meta property=\"og:title\" content=\"Programma - Maestrod&#039;olio in Pietrasanta\" \/>\n<meta property=\"og:description\" content=\"Maestrod\u2019olio in Pietrasanta &nbsp;Quando l\u2019eccellenza incontra l\u2019arte VENERD\u00cc 10 ore 17.00: inaugurazione e apertura della mostra con il taglio del nastro con autorit\u00e0 e artisti, oltre all&#8217;organizzatore dell&#8217; evento Fausto\" \/>\n<meta property=\"og:url\" content=\"https:\/\/www.maestrodolio.it\/maestrodolio-in-pietrasanta\/programma\/\" \/>\n<meta property=\"og:site_name\" content=\"Maestrod&#039;olio in Pietrasanta\" \/>\n<meta property=\"article:modified_time\" content=\"2022-05-31T13:52:55+00:00\" \/>\n<meta property=\"og:image\" content=\"https:\/\/www.maestrodolio.it\/maestrodolio-in-pietrasanta\/wp-content\/uploads\/2021\/04\/header-programma.jpg\" \/>\n\t<meta property=\"og:image:width\" content=\"1920\" \/>\n\t<meta property=\"og:image:height\" content=\"594\" \/>\n\t<meta property=\"og:image:type\" content=\"image\/jpeg\" \/>\n<meta name=\"twitter:card\" content=\"summary_large_image\" \/>\n<meta name=\"twitter:label1\" content=\"Tempo di lettura stimato\" \/>\n\t<meta name=\"twitter:data1\" content=\"2 minuti\" \/>\n<script type=\"application\/ld+json\" class=\"yoast-schema-graph\">{\"@context\":\"https:\/\/schema.org\",\"@graph\":[{\"@type\":\"WebPage\",\"@id\":\"https:\/\/www.maestrodolio.it\/maestrodolio-in-pietrasanta\/programma\/\",\"url\":\"https:\/\/www.maestrodolio.it\/maestrodolio-in-pietrasanta\/programma\/\",\"name\":\"Programma - Maestrod&#039;olio in Pietrasanta\",\"isPartOf\":{\"@id\":\"https:\/\/www.maestrodolio.it\/maestrodolio-in-pietrasanta\/#website\"},\"primaryImageOfPage\":{\"@id\":\"https:\/\/www.maestrodolio.it\/maestrodolio-in-pietrasanta\/programma\/#primaryimage\"},\"image\":{\"@id\":\"https:\/\/www.maestrodolio.it\/maestrodolio-in-pietrasanta\/programma\/#primaryimage\"},\"thumbnailUrl\":\"https:\/\/i0.wp.com\/www.maestrodolio.it\/maestrodolio-in-pietrasanta\/wp-content\/uploads\/2021\/04\/header-programma.jpg?fit=1920%2C594&ssl=1\",\"datePublished\":\"2017-12-08T17:08:41+00:00\",\"dateModified\":\"2022-05-31T13:52:55+00:00\",\"breadcrumb\":{\"@id\":\"https:\/\/www.maestrodolio.it\/maestrodolio-in-pietrasanta\/programma\/#breadcrumb\"},\"inLanguage\":\"it-IT\",\"potentialAction\":[{\"@type\":\"ReadAction\",\"target\":[\"https:\/\/www.maestrodolio.it\/maestrodolio-in-pietrasanta\/programma\/\"]}]},{\"@type\":\"ImageObject\",\"inLanguage\":\"it-IT\",\"@id\":\"https:\/\/www.maestrodolio.it\/maestrodolio-in-pietrasanta\/programma\/#primaryimage\",\"url\":\"https:\/\/i0.wp.com\/www.maestrodolio.it\/maestrodolio-in-pietrasanta\/wp-content\/uploads\/2021\/04\/header-programma.jpg?fit=1920%2C594&ssl=1\",\"contentUrl\":\"https:\/\/i0.wp.com\/www.maestrodolio.it\/maestrodolio-in-pietrasanta\/wp-content\/uploads\/2021\/04\/header-programma.jpg?fit=1920%2C594&ssl=1\",\"width\":1920,\"height\":594},{\"@type\":\"BreadcrumbList\",\"@id\":\"https:\/\/www.maestrodolio.it\/maestrodolio-in-pietrasanta\/programma\/#breadcrumb\",\"itemListElement\":[{\"@type\":\"ListItem\",\"position\":1,\"name\":\"Home\",\"item\":\"https:\/\/www.maestrodolio.it\/maestrodolio-in-pietrasanta\/\"},{\"@type\":\"ListItem\",\"position\":2,\"name\":\"Programma\"}]},{\"@type\":\"WebSite\",\"@id\":\"https:\/\/www.maestrodolio.it\/maestrodolio-in-pietrasanta\/#website\",\"url\":\"https:\/\/www.maestrodolio.it\/maestrodolio-in-pietrasanta\/\",\"name\":\"Maestrod&#039;olio in Pietrasanta\",\"description\":\"Le eccellenze dell&#039;olio artigianale\",\"potentialAction\":[{\"@type\":\"SearchAction\",\"target\":{\"@type\":\"EntryPoint\",\"urlTemplate\":\"https:\/\/www.maestrodolio.it\/maestrodolio-in-pietrasanta\/?s={search_term_string}\"},\"query-input\":{\"@type\":\"PropertyValueSpecification\",\"valueRequired\":true,\"valueName\":\"search_term_string\"}}],\"inLanguage\":\"it-IT\"}]}<\/script>\n<!-- \/ Yoast SEO plugin. -->","yoast_head_json":{"title":"Programma - Maestrod&#039;olio in Pietrasanta","robots":{"index":"index","follow":"follow","max-snippet":"max-snippet:-1","max-image-preview":"max-image-preview:large","max-video-preview":"max-video-preview:-1"},"canonical":"https:\/\/www.maestrodolio.it\/maestrodolio-in-pietrasanta\/programma\/","og_locale":"it_IT","og_type":"article","og_title":"Programma - Maestrod&#039;olio in Pietrasanta","og_description":"Maestrod\u2019olio in Pietrasanta &nbsp;Quando l\u2019eccellenza incontra l\u2019arte VENERD\u00cc 10 ore 17.00: inaugurazione e apertura della mostra con il taglio del nastro con autorit\u00e0 e artisti, oltre all&#8217;organizzatore dell&#8217; evento Fausto","og_url":"https:\/\/www.maestrodolio.it\/maestrodolio-in-pietrasanta\/programma\/","og_site_name":"Maestrod&#039;olio in Pietrasanta","article_modified_time":"2022-05-31T13:52:55+00:00","og_image":[{"width":1920,"height":594,"url":"https:\/\/www.maestrodolio.it\/maestrodolio-in-pietrasanta\/wp-content\/uploads\/2021\/04\/header-programma.jpg","type":"image\/jpeg"}],"twitter_card":"summary_large_image","twitter_misc":{"Tempo di lettura stimato":"2 minuti"},"schema":{"@context":"https:\/\/schema.org","@graph":[{"@type":"WebPage","@id":"https:\/\/www.maestrodolio.it\/maestrodolio-in-pietrasanta\/programma\/","url":"https:\/\/www.maestrodolio.it\/maestrodolio-in-pietrasanta\/programma\/","name":"Programma - Maestrod&#039;olio in Pietrasanta","isPartOf":{"@id":"https:\/\/www.maestrodolio.it\/maestrodolio-in-pietrasanta\/#website"},"primaryImageOfPage":{"@id":"https:\/\/www.maestrodolio.it\/maestrodolio-in-pietrasanta\/programma\/#primaryimage"},"image":{"@id":"https:\/\/www.maestrodolio.it\/maestrodolio-in-pietrasanta\/programma\/#primaryimage"},"thumbnailUrl":"https:\/\/i0.wp.com\/www.maestrodolio.it\/maestrodolio-in-pietrasanta\/wp-content\/uploads\/2021\/04\/header-programma.jpg?fit=1920%2C594&ssl=1","datePublished":"2017-12-08T17:08:41+00:00","dateModified":"2022-05-31T13:52:55+00:00","breadcrumb":{"@id":"https:\/\/www.maestrodolio.it\/maestrodolio-in-pietrasanta\/programma\/#breadcrumb"},"inLanguage":"it-IT","potentialAction":[{"@type":"ReadAction","target":["https:\/\/www.maestrodolio.it\/maestrodolio-in-pietrasanta\/programma\/"]}]},{"@type":"ImageObject","inLanguage":"it-IT","@id":"https:\/\/www.maestrodolio.it\/maestrodolio-in-pietrasanta\/programma\/#primaryimage","url":"https:\/\/i0.wp.com\/www.maestrodolio.it\/maestrodolio-in-pietrasanta\/wp-content\/uploads\/2021\/04\/header-programma.jpg?fit=1920%2C594&ssl=1","contentUrl":"https:\/\/i0.wp.com\/www.maestrodolio.it\/maestrodolio-in-pietrasanta\/wp-content\/uploads\/2021\/04\/header-programma.jpg?fit=1920%2C594&ssl=1","width":1920,"height":594},{"@type":"BreadcrumbList","@id":"https:\/\/www.maestrodolio.it\/maestrodolio-in-pietrasanta\/programma\/#breadcrumb","itemListElement":[{"@type":"ListItem","position":1,"name":"Home","item":"https:\/\/www.maestrodolio.it\/maestrodolio-in-pietrasanta\/"},{"@type":"ListItem","position":2,"name":"Programma"}]},{"@type":"WebSite","@id":"https:\/\/www.maestrodolio.it\/maestrodolio-in-pietrasanta\/#website","url":"https:\/\/www.maestrodolio.it\/maestrodolio-in-pietrasanta\/","name":"Maestrod&#039;olio in Pietrasanta","description":"Le eccellenze dell&#039;olio artigianale","potentialAction":[{"@type":"SearchAction","target":{"@type":"EntryPoint","urlTemplate":"https:\/\/www.maestrodolio.it\/maestrodolio-in-pietrasanta\/?s={search_term_string}"},"query-input":{"@type":"PropertyValueSpecification","valueRequired":true,"valueName":"search_term_string"}}],"inLanguage":"it-IT"}]}},"jetpack_sharing_enabled":true,"_links":{"self":[{"href":"https:\/\/www.maestrodolio.it\/maestrodolio-in-pietrasanta\/wp-json\/wp\/v2\/pages\/3380"}],"collection":[{"href":"https:\/\/www.maestrodolio.it\/maestrodolio-in-pietrasanta\/wp-json\/wp\/v2\/pages"}],"about":[{"href":"https:\/\/www.maestrodolio.it\/maestrodolio-in-pietrasanta\/wp-json\/wp\/v2\/types\/page"}],"author":[{"embeddable":true,"href":"https:\/\/www.maestrodolio.it\/maestrodolio-in-pietrasanta\/wp-json\/wp\/v2\/users\/2"}],"replies":[{"embeddable":true,"href":"https:\/\/www.maestrodolio.it\/maestrodolio-in-pietrasanta\/wp-json\/wp\/v2\/comments?post=3380"}],"version-history":[{"count":118,"href":"https:\/\/www.maestrodolio.it\/maestrodolio-in-pietrasanta\/wp-json\/wp\/v2\/pages\/3380\/revisions"}],"predecessor-version":[{"id":5198,"href":"https:\/\/www.maestrodolio.it\/maestrodolio-in-pietrasanta\/wp-json\/wp\/v2\/pages\/3380\/revisions\/5198"}],"wp:featuredmedia":[{"embeddable":true,"href":"https:\/\/www.maestrodolio.it\/maestrodolio-in-pietrasanta\/wp-json\/wp\/v2\/media\/4213"}],"wp:attachment":[{"href":"https:\/\/www.maestrodolio.it\/maestrodolio-in-pietrasanta\/wp-json\/wp\/v2\/media?parent=3380"}],"curies":[{"name":"wp","href":"https:\/\/api.w.org\/{rel}","templated":true}]}}