{"id":5427,"date":"2025-09-08T10:13:13","date_gmt":"2025-09-08T08:13:13","guid":{"rendered":"https:\/\/www.maestrodolio.it\/?page_id=5427"},"modified":"2025-09-08T12:55:17","modified_gmt":"2025-09-08T10:55:17","slug":"maestrodolio-internazionale","status":"publish","type":"page","link":"https:\/\/www.maestrodolio.it\/it\/maestrodolio-internazionale\/","title":{"rendered":"Maestrod&#8217;olio Internazionale"},"content":{"rendered":"\n<div style=\"height:60px\" aria-hidden=\"true\" class=\"wp-block-spacer\"><\/div>\n\n\n\n<figure class=\"wp-block-image size-large\"><img data-recalc-dims=\"1\" loading=\"lazy\" decoding=\"async\" width=\"1024\" height=\"666\" data-attachment-id=\"5436\" data-permalink=\"https:\/\/www.maestrodolio.it\/it\/maestrodolio-internazionale\/progetto-senza-titolo-2\/\" data-orig-file=\"https:\/\/i0.wp.com\/www.maestrodolio.it\/wp-content\/uploads\/2025\/09\/Progetto-senza-titolo-2.png?fit=2000%2C1300&amp;ssl=1\" data-orig-size=\"2000,1300\" data-comments-opened=\"0\" data-image-meta=\"{&quot;aperture&quot;:&quot;0&quot;,&quot;credit&quot;:&quot;&quot;,&quot;camera&quot;:&quot;&quot;,&quot;caption&quot;:&quot;&quot;,&quot;created_timestamp&quot;:&quot;0&quot;,&quot;copyright&quot;:&quot;&quot;,&quot;focal_length&quot;:&quot;0&quot;,&quot;iso&quot;:&quot;0&quot;,&quot;shutter_speed&quot;:&quot;0&quot;,&quot;title&quot;:&quot;&quot;,&quot;orientation&quot;:&quot;0&quot;}\" data-image-title=\"Progetto senza titolo (2)\" data-image-description=\"\" data-image-caption=\"\" data-medium-file=\"https:\/\/i0.wp.com\/www.maestrodolio.it\/wp-content\/uploads\/2025\/09\/Progetto-senza-titolo-2.png?fit=300%2C195&amp;ssl=1\" data-large-file=\"https:\/\/i0.wp.com\/www.maestrodolio.it\/wp-content\/uploads\/2025\/09\/Progetto-senza-titolo-2.png?fit=1024%2C666&amp;ssl=1\" src=\"https:\/\/i0.wp.com\/www.maestrodolio.it\/wp-content\/uploads\/2025\/09\/Progetto-senza-titolo-2.png?resize=1024%2C666&#038;ssl=1\" alt=\"\" class=\"wp-image-5436\" srcset=\"https:\/\/i0.wp.com\/www.maestrodolio.it\/wp-content\/uploads\/2025\/09\/Progetto-senza-titolo-2.png?resize=1024%2C666&amp;ssl=1 1024w, https:\/\/i0.wp.com\/www.maestrodolio.it\/wp-content\/uploads\/2025\/09\/Progetto-senza-titolo-2.png?resize=300%2C195&amp;ssl=1 300w, https:\/\/i0.wp.com\/www.maestrodolio.it\/wp-content\/uploads\/2025\/09\/Progetto-senza-titolo-2.png?resize=768%2C499&amp;ssl=1 768w, https:\/\/i0.wp.com\/www.maestrodolio.it\/wp-content\/uploads\/2025\/09\/Progetto-senza-titolo-2.png?resize=1536%2C998&amp;ssl=1 1536w, https:\/\/i0.wp.com\/www.maestrodolio.it\/wp-content\/uploads\/2025\/09\/Progetto-senza-titolo-2.png?resize=600%2C390&amp;ssl=1 600w, https:\/\/i0.wp.com\/www.maestrodolio.it\/wp-content\/uploads\/2025\/09\/Progetto-senza-titolo-2.png?w=2000&amp;ssl=1 2000w\" sizes=\"auto, (max-width: 1024px) 100vw, 1024px\" \/><\/figure>\n\n\n\n<div style=\"height:20px\" aria-hidden=\"true\" class=\"wp-block-spacer\"><\/div>\n\n\n\n<p>Insieme alle attivit\u00e0 ed eventi in Italia&nbsp;<strong>Maestrod\u2019olio<\/strong>&nbsp;porta la cultura e la qualit\u00e0 dell\u2019olio extravergine d\u2019oliva italiano anche oltre i confini nazionali, creando occasioni uniche di incontro e valorizzazione per i produttori.<\/p>\n\n\n\n<p>Partecipiamo regolarmente alla&nbsp;<strong>Settimana della Cucina Italiana nel Mondo<\/strong>, collaborando con le Ambasciate italiane in Paesi strategici come l\u2019<strong>Olanda<\/strong>&nbsp;e gli&nbsp;<strong>Emirati Arabi Uniti<\/strong>. Questi eventi rappresentano momenti privilegiati per far conoscere e apprezzare il nostro olio extravergine d\u2019oliva a buyer, chef, giornalisti e&nbsp; distributori ed operatori internazionali.<\/p>\n\n\n\n<p>Negli anni Maestrod&#8217;olio ha realizzato eventi di promozione non solo in citt\u00e0 europee come Parigi e Londra, ma anche<strong>&nbsp;oltre i confini europei<\/strong>. Solo per nominarne alcune: Abu Dhabi, Dubai, Taipei, San Pietroburgo, Varsavia, Baku, Tallinn, Helsinki, Stoccolma, Amsterdam, Ginevra e molte altre.&nbsp;<\/p>\n\n\n\n<p>Grazie ad una rete di relazioni costruita con cura negli anni,&nbsp;<strong>Maestrod\u2019olio<\/strong>&nbsp;offre ai produttori la possibilit\u00e0 di entrare in mercati internazionali di grande interesse, rafforzando la loro visibilit\u00e0 e aprendo nuove opportunit\u00e0 di crescita.<\/p>\n\n\n\n<p>La nostra missione \u00e8&nbsp;<strong>promuovere l\u2019eccellenza olearia italiana nel mondo<\/strong>, diffondendo non solo un prodotto, ma la cultura e la tradizione che lo rendono unico.<\/p>\n\n\n\n<div style=\"height:20px\" aria-hidden=\"true\" class=\"wp-block-spacer\"><\/div>\n\n\n\n<figure class=\"wp-block-gallery has-nested-images columns-default is-cropped wp-block-gallery-1 is-layout-flex wp-block-gallery-is-layout-flex\">\n<figure class=\"wp-block-image size-large\"><img data-recalc-dims=\"1\" loading=\"lazy\" decoding=\"async\" width=\"800\" height=\"1000\" data-attachment-id=\"5442\" data-permalink=\"https:\/\/www.maestrodolio.it\/it\/maestrodolio-internazionale\/progetto-senza-titolo-5\/\" data-orig-file=\"https:\/\/i0.wp.com\/www.maestrodolio.it\/wp-content\/uploads\/2025\/09\/Progetto-senza-titolo-5.png?fit=800%2C1000&amp;ssl=1\" data-orig-size=\"800,1000\" data-comments-opened=\"0\" data-image-meta=\"{&quot;aperture&quot;:&quot;0&quot;,&quot;credit&quot;:&quot;&quot;,&quot;camera&quot;:&quot;&quot;,&quot;caption&quot;:&quot;&quot;,&quot;created_timestamp&quot;:&quot;0&quot;,&quot;copyright&quot;:&quot;&quot;,&quot;focal_length&quot;:&quot;0&quot;,&quot;iso&quot;:&quot;0&quot;,&quot;shutter_speed&quot;:&quot;0&quot;,&quot;title&quot;:&quot;&quot;,&quot;orientation&quot;:&quot;0&quot;}\" data-image-title=\"Progetto senza titolo (5)\" data-image-description=\"\" data-image-caption=\"\" data-medium-file=\"https:\/\/i0.wp.com\/www.maestrodolio.it\/wp-content\/uploads\/2025\/09\/Progetto-senza-titolo-5.png?fit=240%2C300&amp;ssl=1\" data-large-file=\"https:\/\/i0.wp.com\/www.maestrodolio.it\/wp-content\/uploads\/2025\/09\/Progetto-senza-titolo-5.png?fit=800%2C1000&amp;ssl=1\" data-id=\"5442\" src=\"https:\/\/i0.wp.com\/www.maestrodolio.it\/wp-content\/uploads\/2025\/09\/Progetto-senza-titolo-5.png?resize=800%2C1000&#038;ssl=1\" alt=\"\" class=\"wp-image-5442\" srcset=\"https:\/\/i0.wp.com\/www.maestrodolio.it\/wp-content\/uploads\/2025\/09\/Progetto-senza-titolo-5.png?w=800&amp;ssl=1 800w, https:\/\/i0.wp.com\/www.maestrodolio.it\/wp-content\/uploads\/2025\/09\/Progetto-senza-titolo-5.png?resize=240%2C300&amp;ssl=1 240w, https:\/\/i0.wp.com\/www.maestrodolio.it\/wp-content\/uploads\/2025\/09\/Progetto-senza-titolo-5.png?resize=768%2C960&amp;ssl=1 768w, https:\/\/i0.wp.com\/www.maestrodolio.it\/wp-content\/uploads\/2025\/09\/Progetto-senza-titolo-5.png?resize=600%2C750&amp;ssl=1 600w\" sizes=\"auto, (max-width: 800px) 100vw, 800px\" \/><\/figure>\n\n\n\n<figure class=\"wp-block-image size-large\"><img data-recalc-dims=\"1\" loading=\"lazy\" decoding=\"async\" width=\"800\" height=\"1000\" data-attachment-id=\"5440\" data-permalink=\"https:\/\/www.maestrodolio.it\/it\/maestrodolio-internazionale\/progetto-senza-titolo-4\/\" data-orig-file=\"https:\/\/i0.wp.com\/www.maestrodolio.it\/wp-content\/uploads\/2025\/09\/Progetto-senza-titolo-4.png?fit=800%2C1000&amp;ssl=1\" data-orig-size=\"800,1000\" data-comments-opened=\"0\" data-image-meta=\"{&quot;aperture&quot;:&quot;0&quot;,&quot;credit&quot;:&quot;&quot;,&quot;camera&quot;:&quot;&quot;,&quot;caption&quot;:&quot;&quot;,&quot;created_timestamp&quot;:&quot;0&quot;,&quot;copyright&quot;:&quot;&quot;,&quot;focal_length&quot;:&quot;0&quot;,&quot;iso&quot;:&quot;0&quot;,&quot;shutter_speed&quot;:&quot;0&quot;,&quot;title&quot;:&quot;&quot;,&quot;orientation&quot;:&quot;0&quot;}\" data-image-title=\"Progetto senza titolo (4)\" data-image-description=\"\" data-image-caption=\"\" data-medium-file=\"https:\/\/i0.wp.com\/www.maestrodolio.it\/wp-content\/uploads\/2025\/09\/Progetto-senza-titolo-4.png?fit=240%2C300&amp;ssl=1\" data-large-file=\"https:\/\/i0.wp.com\/www.maestrodolio.it\/wp-content\/uploads\/2025\/09\/Progetto-senza-titolo-4.png?fit=800%2C1000&amp;ssl=1\" data-id=\"5440\" src=\"https:\/\/i0.wp.com\/www.maestrodolio.it\/wp-content\/uploads\/2025\/09\/Progetto-senza-titolo-4.png?resize=800%2C1000&#038;ssl=1\" alt=\"\" class=\"wp-image-5440\" srcset=\"https:\/\/i0.wp.com\/www.maestrodolio.it\/wp-content\/uploads\/2025\/09\/Progetto-senza-titolo-4.png?w=800&amp;ssl=1 800w, https:\/\/i0.wp.com\/www.maestrodolio.it\/wp-content\/uploads\/2025\/09\/Progetto-senza-titolo-4.png?resize=240%2C300&amp;ssl=1 240w, https:\/\/i0.wp.com\/www.maestrodolio.it\/wp-content\/uploads\/2025\/09\/Progetto-senza-titolo-4.png?resize=768%2C960&amp;ssl=1 768w, https:\/\/i0.wp.com\/www.maestrodolio.it\/wp-content\/uploads\/2025\/09\/Progetto-senza-titolo-4.png?resize=600%2C750&amp;ssl=1 600w\" sizes=\"auto, (max-width: 800px) 100vw, 800px\" \/><\/figure>\n\n\n\n<figure class=\"wp-block-image size-large\"><img data-recalc-dims=\"1\" loading=\"lazy\" decoding=\"async\" width=\"800\" height=\"1000\" data-attachment-id=\"5438\" data-permalink=\"https:\/\/www.maestrodolio.it\/it\/maestrodolio-internazionale\/progetto-senza-titolo-3\/\" data-orig-file=\"https:\/\/i0.wp.com\/www.maestrodolio.it\/wp-content\/uploads\/2025\/09\/Progetto-senza-titolo-3.png?fit=800%2C1000&amp;ssl=1\" data-orig-size=\"800,1000\" data-comments-opened=\"0\" data-image-meta=\"{&quot;aperture&quot;:&quot;0&quot;,&quot;credit&quot;:&quot;&quot;,&quot;camera&quot;:&quot;&quot;,&quot;caption&quot;:&quot;&quot;,&quot;created_timestamp&quot;:&quot;0&quot;,&quot;copyright&quot;:&quot;&quot;,&quot;focal_length&quot;:&quot;0&quot;,&quot;iso&quot;:&quot;0&quot;,&quot;shutter_speed&quot;:&quot;0&quot;,&quot;title&quot;:&quot;&quot;,&quot;orientation&quot;:&quot;0&quot;}\" data-image-title=\"Progetto senza titolo (3)\" data-image-description=\"\" data-image-caption=\"\" data-medium-file=\"https:\/\/i0.wp.com\/www.maestrodolio.it\/wp-content\/uploads\/2025\/09\/Progetto-senza-titolo-3.png?fit=240%2C300&amp;ssl=1\" data-large-file=\"https:\/\/i0.wp.com\/www.maestrodolio.it\/wp-content\/uploads\/2025\/09\/Progetto-senza-titolo-3.png?fit=800%2C1000&amp;ssl=1\" data-id=\"5438\" src=\"https:\/\/i0.wp.com\/www.maestrodolio.it\/wp-content\/uploads\/2025\/09\/Progetto-senza-titolo-3.png?resize=800%2C1000&#038;ssl=1\" alt=\"\" class=\"wp-image-5438\" srcset=\"https:\/\/i0.wp.com\/www.maestrodolio.it\/wp-content\/uploads\/2025\/09\/Progetto-senza-titolo-3.png?w=800&amp;ssl=1 800w, https:\/\/i0.wp.com\/www.maestrodolio.it\/wp-content\/uploads\/2025\/09\/Progetto-senza-titolo-3.png?resize=240%2C300&amp;ssl=1 240w, https:\/\/i0.wp.com\/www.maestrodolio.it\/wp-content\/uploads\/2025\/09\/Progetto-senza-titolo-3.png?resize=768%2C960&amp;ssl=1 768w, https:\/\/i0.wp.com\/www.maestrodolio.it\/wp-content\/uploads\/2025\/09\/Progetto-senza-titolo-3.png?resize=600%2C750&amp;ssl=1 600w\" sizes=\"auto, (max-width: 800px) 100vw, 800px\" \/><\/figure>\n<\/figure>\n\n\n\n<div style=\"height:20px\" aria-hidden=\"true\" class=\"wp-block-spacer\"><\/div>\n","protected":false},"excerpt":{"rendered":"<p>Insieme alle attivit\u00e0 ed eventi in Italia&nbsp;Maestrod\u2019olio&nbsp;porta la cultura e la qualit\u00e0 dell\u2019olio extravergine d\u2019oliva italiano anche oltre i confini nazionali, creando occasioni uniche di incontro e valorizzazione per i&hellip;<\/p>\n<p><a href=\"https:\/\/www.maestrodolio.it\/it\/maestrodolio-internazionale\/\" class=\"btn btn-olive\">Leggi tutto <i class=\"glyphicon glyphicon-chevron-right\"><\/i><\/a><\/p>\n","protected":false},"author":147,"featured_media":0,"parent":0,"menu_order":0,"comment_status":"closed","ping_status":"closed","template":"page-full-notitle.php","meta":{"footnotes":""},"class_list":["post-5427","page","type-page","status-publish","hentry"],"jetpack_sharing_enabled":true,"_links":{"self":[{"href":"https:\/\/www.maestrodolio.it\/it\/wp-json\/wp\/v2\/pages\/5427","targetHints":{"allow":["GET"]}}],"collection":[{"href":"https:\/\/www.maestrodolio.it\/it\/wp-json\/wp\/v2\/pages"}],"about":[{"href":"https:\/\/www.maestrodolio.it\/it\/wp-json\/wp\/v2\/types\/page"}],"author":[{"embeddable":true,"href":"https:\/\/www.maestrodolio.it\/it\/wp-json\/wp\/v2\/users\/147"}],"replies":[{"embeddable":true,"href":"https:\/\/www.maestrodolio.it\/it\/wp-json\/wp\/v2\/comments?post=5427"}],"version-history":[{"count":6,"href":"https:\/\/www.maestrodolio.it\/it\/wp-json\/wp\/v2\/pages\/5427\/revisions"}],"predecessor-version":[{"id":5445,"href":"https:\/\/www.maestrodolio.it\/it\/wp-json\/wp\/v2\/pages\/5427\/revisions\/5445"}],"wp:attachment":[{"href":"https:\/\/www.maestrodolio.it\/it\/wp-json\/wp\/v2\/media?parent=5427"}],"curies":[{"name":"wp","href":"https:\/\/api.w.org\/{rel}","templated":true}]}}